{"id":2,"date":"2021-09-26T19:51:51","date_gmt":"2021-09-26T17:51:51","guid":{"rendered":"https:\/\/asso.st-christo.fr\/auxdoigtsdefees\/?page_id=2"},"modified":"2026-05-12T10:07:40","modified_gmt":"2026-05-12T08:07:40","slug":"page-d-exemple","status":"publish","type":"page","link":"https:\/\/asso.st-christo.fr\/auxdoigtsdefees\/","title":{"rendered":"Pr\u00e9sentation"},"content":{"rendered":"<div class=\"wp-block-image\">\n<figure class=\"alignright size-large is-resized\"><img loading=\"lazy\" decoding=\"async\" width=\"741\" height=\"1024\" src=\"https:\/\/asso.st-christo.fr\/auxdoigtsdefees\/wp-content\/uploads\/sites\/2\/2021\/12\/LOGO-FEE-VIOLINE-1-741x1024.jpg\" alt=\"\" class=\"wp-image-2458\" style=\"width:175px;height:241px\" srcset=\"https:\/\/asso.st-christo.fr\/auxdoigtsdefees\/wp-content\/uploads\/sites\/2\/2021\/12\/LOGO-FEE-VIOLINE-1-741x1024.jpg 741w, https:\/\/asso.st-christo.fr\/auxdoigtsdefees\/wp-content\/uploads\/sites\/2\/2021\/12\/LOGO-FEE-VIOLINE-1-217x300.jpg 217w, https:\/\/asso.st-christo.fr\/auxdoigtsdefees\/wp-content\/uploads\/sites\/2\/2021\/12\/LOGO-FEE-VIOLINE-1-768x1061.jpg 768w, https:\/\/asso.st-christo.fr\/auxdoigtsdefees\/wp-content\/uploads\/sites\/2\/2021\/12\/LOGO-FEE-VIOLINE-1-1112x1536.jpg 1112w, https:\/\/asso.st-christo.fr\/auxdoigtsdefees\/wp-content\/uploads\/sites\/2\/2021\/12\/LOGO-FEE-VIOLINE-1-109x150.jpg 109w, https:\/\/asso.st-christo.fr\/auxdoigtsdefees\/wp-content\/uploads\/sites\/2\/2021\/12\/LOGO-FEE-VIOLINE-1.jpg 1286w\" sizes=\"auto, (max-width: 741px) 100vw, 741px\" \/><\/figure><\/div>\n\n\n<h2 class=\"wp-block-heading has-large-font-size\" style=\"text-transform:capitalize\">Bureau<\/h2>\n\n\n\n<p><strong>Pr\u00e9sidente<\/strong> : Mich\u00e8le MOUREY <br><strong>Secr\u00e9taire<\/strong> : Denise MAZENCIEUX &nbsp;&nbsp; <br><strong>Tr\u00e9sori\u00e8re<\/strong> : Chantal GREGOIRE &nbsp;<\/p>\n\n\n\n<p><em><strong>Autres membres<\/strong><\/em>&nbsp;:<\/p>\n\n\n\n<p>Christiane COGNET<br>Agn\u00e8s BOUCHUT<br>Yvonne PIRIS<br>Jo\u00eblle FAYOLLE<br>Eliane PITAVAL<\/p>\n\n\n\n<figure class=\"wp-block-image size-large\"><img loading=\"lazy\" decoding=\"async\" width=\"1024\" height=\"724\" src=\"https:\/\/asso.st-christo.fr\/auxdoigtsdefees\/wp-content\/uploads\/sites\/2\/2023\/10\/LES-DOIGTS-DE-FEES-3-1024x724.jpg\" alt=\"\" class=\"wp-image-3872\" srcset=\"https:\/\/asso.st-christo.fr\/auxdoigtsdefees\/wp-content\/uploads\/sites\/2\/2023\/10\/LES-DOIGTS-DE-FEES-3-1024x724.jpg 1024w, https:\/\/asso.st-christo.fr\/auxdoigtsdefees\/wp-content\/uploads\/sites\/2\/2023\/10\/LES-DOIGTS-DE-FEES-3-300x212.jpg 300w, https:\/\/asso.st-christo.fr\/auxdoigtsdefees\/wp-content\/uploads\/sites\/2\/2023\/10\/LES-DOIGTS-DE-FEES-3-768x543.jpg 768w, https:\/\/asso.st-christo.fr\/auxdoigtsdefees\/wp-content\/uploads\/sites\/2\/2023\/10\/LES-DOIGTS-DE-FEES-3-1536x1086.jpg 1536w, https:\/\/asso.st-christo.fr\/auxdoigtsdefees\/wp-content\/uploads\/sites\/2\/2023\/10\/LES-DOIGTS-DE-FEES-3-2048x1448.jpg 2048w, https:\/\/asso.st-christo.fr\/auxdoigtsdefees\/wp-content\/uploads\/sites\/2\/2023\/10\/LES-DOIGTS-DE-FEES-3-150x106.jpg 150w\" sizes=\"auto, (max-width: 1024px) 100vw, 1024px\" \/><\/figure>\n\n\n\n<h3 class=\"wp-block-heading has-medium-font-size\" style=\"text-transform:uppercase\"><mark class=\"has-inline-color has-vivid-red-color\">ATTENTION &#8211; CHANGEMENT D&rsquo;ADRESSE<\/mark><\/h3>\n\n\n\n<p><mark class=\"has-inline-color has-vivid-red-color\"><strong>1 place Saint-Christophe 42320 SAINT CHRISTO EN JAREZ<br><\/strong><\/mark><strong>04.77.83.47.84<\/strong><\/p>\n\n\n\n<p class=\"has-medium-font-size\"><strong>               <\/strong><\/p>\n\n\n\n<h5 class=\"wp-block-heading has-black-color has-luminous-vivid-amber-background-color has-text-color has-background has-medium-font-size\">JOURS DE LOCATION : sur RDV les <strong><mark style=\"background-color:#fcb900\" class=\"has-inline-color has-black-color\">mardi 14h \u00e0 18h et vendredi <\/mark>apr\u00e8s-midi<\/strong> (horaire variable)<\/h5>\n\n\n\n<ul class=\"wp-block-list\">\n<li class=\"has-vivid-red-color has-text-color has-link-color wp-elements-3d8173b7a369d9ae555b6331eaecbd0f\"> Il est <strong>IMPERATIF DE PRENDRE RENDEZ-VOUS<\/strong> pour louer des costumes, <strong>appelez : <\/strong> <\/li>\n\n\n\n<li><strong>Semaine  impaire<\/strong> :<\/li>\n\n\n\n<li><strong>06.68.70.31.88<\/strong> Mich\u00e8le MOUREY <\/li>\n\n\n\n<li><strong>06.71.78.69.55<\/strong> Agn\u00e8s BOUCHUT<\/li>\n\n\n\n<li><strong>Semaine paire : 06.31.69.11.90<\/strong> Chantal GREGOIRE <\/li>\n\n\n\n<li><strong>Mardi apr\u00e8s-midi : 04.77.83.47.84<\/strong><\/li>\n<\/ul>\n\n\n\n<p class=\"has-black-color has-pale-cyan-blue-background-color has-text-color has-background has-medium-font-size\"><strong><mark style=\"background-color:#8ed1fc\" class=\"has-inline-color has-black-color\">RETOUR des COSTUMES : UNIQUEMENT le mardi de 14h \u00e0 18h<\/mark><\/strong> <strong>sans rendez-vous<\/strong><\/p>\n\n\n\n<p class=\"has-medium-font-size\"><strong>REGLEMENT :<\/strong><\/p>\n\n\n\n<ul class=\"wp-block-list\">\n<li><strong>Location<\/strong> : ch\u00e8que ou esp\u00e8ces &#8211; <strong> PAS DE CARTE BANCAIRE<\/strong><\/li>\n\n\n\n<li><strong>Caution<\/strong> : uniquement par ch\u00e8que (50\u20ac\/d\u00e9guisement lou\u00e9, pay\u00e9 le jour de l&rsquo;enl\u00e8vement)<\/li>\n\n\n\n<li><strong>Adh\u00e9sion &#8211;  ann\u00e9e civile : 2\u20ac\/famille<\/strong><\/li>\n<\/ul>\n\n\n\n<p class=\"has-medium-font-size\"><strong>FERMETURE DU LOCAL : <\/strong><\/p>\n\n\n\n<ul class=\"wp-block-list\">\n<li class=\"has-black-color has-text-color has-link-color has-medium-font-size wp-elements-a9bdf5e4769478559f3231ca9a9677cd\"><mark style=\"background-color:#fcb900\" class=\"has-inline-color has-vivid-red-color\"><strong>pont de l&rsquo;Ascension : vendredi 16 mai<\/strong><\/mark><\/li>\n\n\n\n<li class=\"has-medium-font-size\">mardi 14 juillet<\/li>\n\n\n\n<li class=\"has-medium-font-size\">vacances d&rsquo;\u00e9t\u00e9 : du samedi 1er ao\u00fbt au lundi 31 ao\u00fbt : reprise le mardi 1er septembre<\/li>\n\n\n\n<li class=\"has-medium-font-size\">vacances de no\u00ebl : du samedi 19 d\u00e9cembre au lundi 4 janvier 2027 : reprise le mardi 5 janvier 2027<\/li>\n<\/ul>\n\n\n\n<p><\/p>\n","protected":false},"excerpt":{"rendered":"<p>Bureau Pr\u00e9sidente : Mich\u00e8le MOUREY Secr\u00e9taire : Denise MAZENCIEUX &nbsp;&nbsp; Tr\u00e9sori\u00e8re : Chantal GREGOIRE &nbsp; Autres membres&nbsp;: Christiane COGNETAgn\u00e8s BOUCHUTYvonne PIRISJo\u00eblle FAYOLLEEliane PITAVAL ATTENTION &#8211; CHANGEMENT D&rsquo;ADRESSE 1 place Saint-Christophe 42320 SAINT CHRISTO EN JAREZ04.77.83.47.84 JOURS DE LOCATION : sur RDV les mardi 14h \u00e0 18h et vendredi apr\u00e8s-midi (horaire&#8230;<\/p>\n<p> <a class=\"continue-reading-link\" href=\"https:\/\/asso.st-christo.fr\/auxdoigtsdefees\/\"><span>Continue reading<\/span><i class=\"crycon-right-dir\"><\/i><\/a> <\/p>\n","protected":false},"author":1,"featured_media":0,"parent":0,"menu_order":0,"comment_status":"closed","ping_status":"open","template":"","meta":{"_uag_custom_page_level_css":"","ngg_post_thumbnail":0,"footnotes":""},"class_list":["post-2","page","type-page","status-publish","hentry"],"uagb_featured_image_src":{"full":false,"thumbnail":false,"medium":false,"medium_large":false,"large":false,"1536x1536":false,"2048x2048":false,"post-thumbnail":false,"header":false,"slider":false,"columns":false,"custom":false},"uagb_author_info":{"display_name":"admin","author_link":"https:\/\/asso.st-christo.fr\/auxdoigtsdefees\/author\/admin\/"},"uagb_comment_info":0,"uagb_excerpt":"Bureau Pr\u00e9sidente : Mich\u00e8le MOUREY Secr\u00e9taire : Denise MAZENCIEUX &nbsp;&nbsp; Tr\u00e9sori\u00e8re : Chantal GREGOIRE &nbsp; Autres membres&nbsp;: Christiane COGNETAgn\u00e8s BOUCHUTYvonne PIRISJo\u00eblle FAYOLLEEliane PITAVAL ATTENTION &#8211; CHANGEMENT D&rsquo;ADRESSE 1 place Saint-Christophe 42320 SAINT CHRISTO EN JAREZ04.77.83.47.84 JOURS DE LOCATION : sur RDV les mardi 14h \u00e0 18h et vendredi apr\u00e8s-midi (horaire... Continue reading","_links":{"self":[{"href":"https:\/\/asso.st-christo.fr\/auxdoigtsdefees\/wp-json\/wp\/v2\/pages\/2","targetHints":{"allow":["GET"]}}],"collection":[{"href":"https:\/\/asso.st-christo.fr\/auxdoigtsdefees\/wp-json\/wp\/v2\/pages"}],"about":[{"href":"https:\/\/asso.st-christo.fr\/auxdoigtsdefees\/wp-json\/wp\/v2\/types\/page"}],"author":[{"embeddable":true,"href":"https:\/\/asso.st-christo.fr\/auxdoigtsdefees\/wp-json\/wp\/v2\/users\/1"}],"replies":[{"embeddable":true,"href":"https:\/\/asso.st-christo.fr\/auxdoigtsdefees\/wp-json\/wp\/v2\/comments?post=2"}],"version-history":[{"count":139,"href":"https:\/\/asso.st-christo.fr\/auxdoigtsdefees\/wp-json\/wp\/v2\/pages\/2\/revisions"}],"predecessor-version":[{"id":4428,"href":"https:\/\/asso.st-christo.fr\/auxdoigtsdefees\/wp-json\/wp\/v2\/pages\/2\/revisions\/4428"}],"wp:attachment":[{"href":"https:\/\/asso.st-christo.fr\/auxdoigtsdefees\/wp-json\/wp\/v2\/media?parent=2"}],"curies":[{"name":"wp","href":"https:\/\/api.w.org\/{rel}","templated":true}]}}